{"id":5,"date":"2018-09-05T09:45:11","date_gmt":"2018-09-05T07:45:11","guid":{"rendered":"http:\/\/d1003017-3355.hosting.netstream.com\/hiec.ch\/?page_id=5"},"modified":"2018-09-11T11:22:06","modified_gmt":"2018-09-11T09:22:06","slug":"home","status":"publish","type":"page","link":"https:\/\/hiec.ch\/","title":{"rendered":"Reputation und Steckbrief von Hansruedi Henggeler"},"content":{"rendered":"<div id=\"pl-5\"  class=\"panel-layout\" ><div id=\"pg-5-0\"  class=\"panel-grid panel-no-style\" ><div id=\"pgc-5-0-0\"  class=\"panel-grid-cell\" ><div id=\"panel-5-0-0-0\" class=\"so-panel widget_sow-editor panel-first-child panel-last-child\" data-index=\"0\" ><div\n\t\t\t\n\t\t\tclass=\"so-widget-sow-editor so-widget-sow-editor-base\"\n\t\t\t\n\t\t>\n<div class=\"siteorigin-widget-tinymce textwidget\">\n\t<p>Er hat viele Jahre Fach- und Branchenkenntnisse im Bereich von erneuerbaren Brenn- und Treib-<br \/>\nstoffen sowie im Bereich Strom-, Biomasse- und G\u00e4rrestmarkt.<\/p>\n<p>Als Privatperson und Bauherr hat er mehrere<br \/>\nImmobilienprojekte realisiert.<\/p>\n<p>Bevor Hansruedi Henggeler seine eigene Firma gr\u00fcndete war er 6 Jahre bei der Fontavis AG, Baar (ZG) als Investment Manager t\u00e4tig.<\/p>\n<p>Davor war er Leiter des Fachbereichs Energie und Umwelt und Mitglied des oberen Kaders bei der fenaco-Gruppe.<br \/>\nEr f\u00fchrte das Kompetenzzentrum Erneuerbare Energie, CO2 und Landwirtschaft. Er war verantwortlich f\u00fcr fenaco-interne Energiespar- und \u2013effizienzmassnahmen, CO2 sowie f\u00fcr die Evaluation von neuen Gesch\u00e4ftsfeldern und Wertsch\u00f6pfungsm\u00f6glichkeiten.<br \/>\nIn dieser Funktion war er Mitglied der Gesch\u00e4fts-leitung bei der Biogasanlage SwissFarmerPower Inwil AG.<br \/>\nEbenso begleitete er die AGROLA AG (fenaco Tochtergesellschaft) und die LANDI bei der Markteinf\u00fchrung von Biodiesel- oder Bioethanol-beimischungen im Treibstoffmarkt.<\/p>\n<p>Hansruedi Henggeler ist ausgebildet als Dipl. Agro-Ing. HTL mit Fachrichtung Agrarwirtschaft und Unternehmensf\u00fchrung.<\/p>\n<\/div>\n<\/div><\/div><\/div><div id=\"pgc-5-0-1\"  class=\"panel-grid-cell\" ><div id=\"panel-5-0-1-0\" class=\"so-panel widget_sow-image panel-first-child panel-last-child\" data-index=\"1\" ><div\n\t\t\t\n\t\t\tclass=\"so-widget-sow-image so-widget-sow-image-default-8b5b6f678277-5\"\n\t\t\t\n\t\t>\n<div class=\"sow-image-container\">\n\t\t<img \n\tsrc=\"https:\/\/hiec.ch\/wp-content\/uploads\/2018\/09\/Hansruedi-Henggeler-IEC-GmbH.jpg\" width=\"1063\" height=\"1546\" srcset=\"https:\/\/hiec.ch\/wp-content\/uploads\/2018\/09\/Hansruedi-Henggeler-IEC-GmbH.jpg 1063w, https:\/\/hiec.ch\/wp-content\/uploads\/2018\/09\/Hansruedi-Henggeler-IEC-GmbH-206x300.jpg 206w, https:\/\/hiec.ch\/wp-content\/uploads\/2018\/09\/Hansruedi-Henggeler-IEC-GmbH-768x1117.jpg 768w, https:\/\/hiec.ch\/wp-content\/uploads\/2018\/09\/Hansruedi-Henggeler-IEC-GmbH-704x1024.jpg 704w\" sizes=\"(max-width: 1063px) 100vw, 1063px\" title=\"Hansruedi Henggeler IEC GmbH\" alt=\"Hansruedi Henggeler IEC GmbH\" \t\tclass=\"so-widget-image\"\/>\n\t<\/div>\n\n<\/div><\/div><\/div><\/div><\/div>","protected":false},"excerpt":{"rendered":"<p>Er hat viele Jahre Fach- und Branchenkenntnisse im Bereich von erneuerbaren Brenn- und Treib- stoffen sowie im Bereich Strom-, Biomasse- und G\u00e4rrestmarkt. Als Privatperson und Bauherr hat er mehrere Immobilienprojekte realisiert. Bevor Hansruedi Henggeler seine eigene Firma gr\u00fcndete war er<\/p>\n","protected":false},"author":1,"featured_media":0,"parent":0,"menu_order":0,"comment_status":"closed","ping_status":"closed","template":"","meta":{"footnotes":""},"class_list":["post-5","page","type-page","status-publish","hentry"],"_links":{"self":[{"href":"https:\/\/hiec.ch\/index.php\/wp-json\/wp\/v2\/pages\/5","targetHints":{"allow":["GET"]}}],"collection":[{"href":"https:\/\/hiec.ch\/index.php\/wp-json\/wp\/v2\/pages"}],"about":[{"href":"https:\/\/hiec.ch\/index.php\/wp-json\/wp\/v2\/types\/page"}],"author":[{"embeddable":true,"href":"https:\/\/hiec.ch\/index.php\/wp-json\/wp\/v2\/users\/1"}],"replies":[{"embeddable":true,"href":"https:\/\/hiec.ch\/index.php\/wp-json\/wp\/v2\/comments?post=5"}],"version-history":[{"count":18,"href":"https:\/\/hiec.ch\/index.php\/wp-json\/wp\/v2\/pages\/5\/revisions"}],"predecessor-version":[{"id":98,"href":"https:\/\/hiec.ch\/index.php\/wp-json\/wp\/v2\/pages\/5\/revisions\/98"}],"wp:attachment":[{"href":"https:\/\/hiec.ch\/index.php\/wp-json\/wp\/v2\/media?parent=5"}],"curies":[{"name":"wp","href":"https:\/\/api.w.org\/{rel}","templated":true}]}}